{"id":238,"date":"2023-10-07T17:11:55","date_gmt":"2023-10-07T21:11:55","guid":{"rendered":"https:\/\/www.fan-bo.org\/?page_id=238"},"modified":"2024-08-28T15:55:11","modified_gmt":"2024-08-28T19:55:11","slug":"que-hacemos","status":"publish","type":"page","link":"https:\/\/www.fan-bo.org\/index.php\/que-hacemos\/","title":{"rendered":"Qu\u00e9 Hacemos"},"content":{"rendered":"\t\t<div data-elementor-type=\"wp-page\" data-elementor-id=\"238\" class=\"elementor elementor-238\" data-elementor-post-type=\"page\">\n\t\t\t\t\t\t<section class=\"elementor-section elementor-top-section elementor-element elementor-element-516c508 elementor-section-full_width elementor-section-height-default elementor-section-height-default\" data-id=\"516c508\" data-element_type=\"section\" data-e-type=\"section\" data-settings=\"{&quot;ekit_has_onepagescroll_dot&quot;:&quot;yes&quot;}\">\n\t\t\t\t\t\t\t<div class=\"elementor-background-overlay\"><\/div>\n\t\t\t\t\t\t\t<div class=\"elementor-container elementor-column-gap-no\">\n\t\t\t\t\t<div class=\"elementor-column elementor-col-100 elementor-top-column elementor-element elementor-element-3b4785da\" data-id=\"3b4785da\" data-element_type=\"column\" data-e-type=\"column\">\n\t\t\t<div class=\"elementor-widget-wrap\">\n\t\t\t\t\t\t\t<\/div>\n\t\t<\/div>\n\t\t\t\t\t<\/div>\n\t\t<\/section>\n\t\t\t\t<section class=\"elementor-section elementor-top-section elementor-element elementor-element-b620bf5 elementor-section-full_width elementor-section-height-default elementor-section-height-default\" data-id=\"b620bf5\" data-element_type=\"section\" data-e-type=\"section\" data-settings=\"{&quot;background_background&quot;:&quot;classic&quot;,&quot;ekit_has_onepagescroll_dot&quot;:&quot;yes&quot;}\">\n\t\t\t\t\t\t\t<div class=\"elementor-background-overlay\"><\/div>\n\t\t\t\t\t\t\t<div class=\"elementor-container elementor-column-gap-no\">\n\t\t\t\t\t<div class=\"elementor-column elementor-col-100 elementor-top-column elementor-element elementor-element-6f2746c\" data-id=\"6f2746c\" data-element_type=\"column\" data-e-type=\"column\">\n\t\t\t<div class=\"elementor-widget-wrap elementor-element-populated\">\n\t\t\t\t\t\t<div class=\"elementor-element elementor-element-7891414 elementor-widget elementor-widget-spacer\" data-id=\"7891414\" data-element_type=\"widget\" data-e-type=\"widget\" data-settings=\"{&quot;ekit_we_effect_on&quot;:&quot;none&quot;}\" data-widget_type=\"spacer.default\">\n\t\t\t\t<div class=\"elementor-widget-container\">\n\t\t\t\t\t\t\t<div class=\"elementor-spacer\">\n\t\t\t<div class=\"elementor-spacer-inner\"><\/div>\n\t\t<\/div>\n\t\t\t\t\t\t<\/div>\n\t\t\t\t<\/div>\n\t\t\t\t<div class=\"elementor-element elementor-element-8ae59d8 elementor-widget elementor-widget-spacer\" data-id=\"8ae59d8\" data-element_type=\"widget\" data-e-type=\"widget\" data-settings=\"{&quot;ekit_we_effect_on&quot;:&quot;none&quot;}\" data-widget_type=\"spacer.default\">\n\t\t\t\t<div class=\"elementor-widget-container\">\n\t\t\t\t\t\t\t<div class=\"elementor-spacer\">\n\t\t\t<div class=\"elementor-spacer-inner\"><\/div>\n\t\t<\/div>\n\t\t\t\t\t\t<\/div>\n\t\t\t\t<\/div>\n\t\t\t\t<div class=\"elementor-element elementor-element-37d0464 elementor-widget elementor-widget-heading\" data-id=\"37d0464\" data-element_type=\"widget\" data-e-type=\"widget\" data-settings=\"{&quot;ekit_we_effect_on&quot;:&quot;none&quot;}\" data-widget_type=\"heading.default\">\n\t\t\t\t<div class=\"elementor-widget-container\">\n\t\t\t\t\t<h2 class=\"elementor-heading-title elementor-size-default\">Que hacemos<\/h2>\t\t\t\t<\/div>\n\t\t\t\t<\/div>\n\t\t\t\t<div class=\"elementor-element elementor-element-40cab38 elementor-widget elementor-widget-spacer\" data-id=\"40cab38\" data-element_type=\"widget\" data-e-type=\"widget\" data-settings=\"{&quot;ekit_we_effect_on&quot;:&quot;none&quot;}\" data-widget_type=\"spacer.default\">\n\t\t\t\t<div class=\"elementor-widget-container\">\n\t\t\t\t\t\t\t<div class=\"elementor-spacer\">\n\t\t\t<div class=\"elementor-spacer-inner\"><\/div>\n\t\t<\/div>\n\t\t\t\t\t\t<\/div>\n\t\t\t\t<\/div>\n\t\t\t\t\t<\/div>\n\t\t<\/div>\n\t\t\t\t\t<\/div>\n\t\t<\/section>\n\t\t\t\t<section class=\"elementor-section elementor-top-section elementor-element elementor-element-131b5f47 elementor-section-boxed elementor-section-height-default elementor-section-height-default\" data-id=\"131b5f47\" data-element_type=\"section\" data-e-type=\"section\" data-settings=\"{&quot;background_background&quot;:&quot;classic&quot;,&quot;ekit_has_onepagescroll_dot&quot;:&quot;yes&quot;}\">\n\t\t\t\t\t\t<div class=\"elementor-container elementor-column-gap-default\">\n\t\t\t\t\t<div class=\"elementor-column elementor-col-100 elementor-top-column elementor-element elementor-element-5639f88f\" data-id=\"5639f88f\" data-element_type=\"column\" data-e-type=\"column\">\n\t\t\t<div class=\"elementor-widget-wrap elementor-element-populated\">\n\t\t\t\t\t\t<div class=\"elementor-element elementor-element-848c8df elementor-widget elementor-widget-spacer\" data-id=\"848c8df\" data-element_type=\"widget\" data-e-type=\"widget\" data-settings=\"{&quot;ekit_we_effect_on&quot;:&quot;none&quot;}\" data-widget_type=\"spacer.default\">\n\t\t\t\t<div class=\"elementor-widget-container\">\n\t\t\t\t\t\t\t<div class=\"elementor-spacer\">\n\t\t\t<div class=\"elementor-spacer-inner\"><\/div>\n\t\t<\/div>\n\t\t\t\t\t\t<\/div>\n\t\t\t\t<\/div>\n\t\t\t\t<div class=\"elementor-element elementor-element-aab637f elementor-widget elementor-widget-heading\" data-id=\"aab637f\" data-element_type=\"widget\" data-e-type=\"widget\" data-settings=\"{&quot;ekit_we_effect_on&quot;:&quot;none&quot;}\" data-widget_type=\"heading.default\">\n\t\t\t\t<div class=\"elementor-widget-container\">\n\t\t\t\t\t<h2 class=\"elementor-heading-title elementor-size-default\">NUESTRAS \u00c1REAS DE IMPACTO<\/h2>\t\t\t\t<\/div>\n\t\t\t\t<\/div>\n\t\t\t\t<div class=\"elementor-element elementor-element-e282454 elementor-widget elementor-widget-spacer\" data-id=\"e282454\" data-element_type=\"widget\" data-e-type=\"widget\" data-settings=\"{&quot;ekit_we_effect_on&quot;:&quot;none&quot;}\" data-widget_type=\"spacer.default\">\n\t\t\t\t<div class=\"elementor-widget-container\">\n\t\t\t\t\t\t\t<div class=\"elementor-spacer\">\n\t\t\t<div class=\"elementor-spacer-inner\"><\/div>\n\t\t<\/div>\n\t\t\t\t\t\t<\/div>\n\t\t\t\t<\/div>\n\t\t\t\t<div class=\"elementor-element elementor-element-f8f9b23 elementor-widget elementor-widget-text-editor\" data-id=\"f8f9b23\" data-element_type=\"widget\" data-e-type=\"widget\" data-settings=\"{&quot;ekit_we_effect_on&quot;:&quot;none&quot;}\" data-widget_type=\"text-editor.default\">\n\t\t\t\t<div class=\"elementor-widget-container\">\n\t\t\t\t\t\t\t\t\t<p style=\"text-align: center;\"><span style=\"white-space-collapse: preserve;\">Bolivia valora, protege y conserva su patrimonio natural y las funciones ambientales que sustentan los medios de vida y bienestar de su poblaci\u00f3n para el desarrollo sostenible y resiliencia clim\u00e1tica.\u00a0\u00a0<\/span><\/p>\t\t\t\t\t\t\t\t<\/div>\n\t\t\t\t<\/div>\n\t\t\t\t<div class=\"elementor-element elementor-element-e301095 elementor-widget elementor-widget-spacer\" data-id=\"e301095\" data-element_type=\"widget\" data-e-type=\"widget\" data-settings=\"{&quot;ekit_we_effect_on&quot;:&quot;none&quot;}\" data-widget_type=\"spacer.default\">\n\t\t\t\t<div class=\"elementor-widget-container\">\n\t\t\t\t\t\t\t<div class=\"elementor-spacer\">\n\t\t\t<div class=\"elementor-spacer-inner\"><\/div>\n\t\t<\/div>\n\t\t\t\t\t\t<\/div>\n\t\t\t\t<\/div>\n\t\t\t\t\t<\/div>\n\t\t<\/div>\n\t\t\t\t\t<\/div>\n\t\t<\/section>\n\t\t<div class=\"elementor-element elementor-element-022a268 e-flex e-con-boxed e-con e-parent\" data-id=\"022a268\" data-element_type=\"container\" data-e-type=\"container\" data-settings=\"{&quot;ekit_has_onepagescroll_dot&quot;:&quot;yes&quot;}\">\n\t\t\t\t\t<div class=\"e-con-inner\">\n\t\t<div class=\"elementor-element elementor-element-5aaec4c e-con-full e-flex e-con e-child\" data-id=\"5aaec4c\" data-element_type=\"container\" data-e-type=\"container\" data-settings=\"{&quot;background_background&quot;:&quot;classic&quot;,&quot;ekit_has_onepagescroll_dot&quot;:&quot;yes&quot;}\">\n\t\t\t\t<div class=\"elementor-element elementor-element-259e9cc elementor-widget elementor-widget-spacer\" data-id=\"259e9cc\" data-element_type=\"widget\" data-e-type=\"widget\" data-settings=\"{&quot;ekit_we_effect_on&quot;:&quot;none&quot;}\" data-widget_type=\"spacer.default\">\n\t\t\t\t<div class=\"elementor-widget-container\">\n\t\t\t\t\t\t\t<div class=\"elementor-spacer\">\n\t\t\t<div class=\"elementor-spacer-inner\"><\/div>\n\t\t<\/div>\n\t\t\t\t\t\t<\/div>\n\t\t\t\t<\/div>\n\t\t\t\t<div class=\"elementor-element elementor-element-2821944 elementor-align-center elementor-widget elementor-widget-button\" data-id=\"2821944\" data-element_type=\"widget\" data-e-type=\"widget\" data-settings=\"{&quot;ekit_we_effect_on&quot;:&quot;none&quot;}\" data-widget_type=\"button.default\">\n\t\t\t\t<div class=\"elementor-widget-container\">\n\t\t\t\t\t\t\t\t\t<div class=\"elementor-button-wrapper\">\n\t\t\t\t\t<a class=\"elementor-button elementor-button-link elementor-size-sm elementor-animation-shrink\" href=\"https:\/\/www.fan-bo.org\/index.php\/bosques-y-biodiversidad\/\" target=\"_blank\">\n\t\t\t\t\t\t<span class=\"elementor-button-content-wrapper\">\n\t\t\t\t\t\t\t\t\t<span class=\"elementor-button-text\">Conocer m\u00e1s<\/span>\n\t\t\t\t\t<\/span>\n\t\t\t\t\t<\/a>\n\t\t\t\t<\/div>\n\t\t\t\t\t\t\t\t<\/div>\n\t\t\t\t<\/div>\n\t\t\t\t<div class=\"elementor-element elementor-element-b9e2c35 elementor-widget elementor-widget-spacer\" data-id=\"b9e2c35\" data-element_type=\"widget\" data-e-type=\"widget\" data-settings=\"{&quot;ekit_we_effect_on&quot;:&quot;none&quot;}\" data-widget_type=\"spacer.default\">\n\t\t\t\t<div class=\"elementor-widget-container\">\n\t\t\t\t\t\t\t<div class=\"elementor-spacer\">\n\t\t\t<div class=\"elementor-spacer-inner\"><\/div>\n\t\t<\/div>\n\t\t\t\t\t\t<\/div>\n\t\t\t\t<\/div>\n\t\t\t\t<\/div>\n\t\t<div class=\"elementor-element elementor-element-f507911 e-con-full e-flex e-con e-child\" data-id=\"f507911\" data-element_type=\"container\" data-e-type=\"container\" data-settings=\"{&quot;background_background&quot;:&quot;classic&quot;,&quot;ekit_has_onepagescroll_dot&quot;:&quot;yes&quot;}\">\n\t\t\t\t<div class=\"elementor-element elementor-element-bf21549 elementor-widget elementor-widget-spacer\" data-id=\"bf21549\" data-element_type=\"widget\" data-e-type=\"widget\" data-settings=\"{&quot;ekit_we_effect_on&quot;:&quot;none&quot;}\" data-widget_type=\"spacer.default\">\n\t\t\t\t<div class=\"elementor-widget-container\">\n\t\t\t\t\t\t\t<div class=\"elementor-spacer\">\n\t\t\t<div class=\"elementor-spacer-inner\"><\/div>\n\t\t<\/div>\n\t\t\t\t\t\t<\/div>\n\t\t\t\t<\/div>\n\t\t\t\t<div class=\"elementor-element elementor-element-89d4fde elementor-align-center elementor-widget elementor-widget-button\" data-id=\"89d4fde\" data-element_type=\"widget\" data-e-type=\"widget\" data-settings=\"{&quot;ekit_we_effect_on&quot;:&quot;none&quot;}\" data-widget_type=\"button.default\">\n\t\t\t\t<div class=\"elementor-widget-container\">\n\t\t\t\t\t\t\t\t\t<div class=\"elementor-button-wrapper\">\n\t\t\t\t\t<a class=\"elementor-button elementor-button-link elementor-size-sm elementor-animation-shrink\" href=\"https:\/\/www.fan-bo.org\/index.php\/cadenas-de-valor-y-produccion-sostenible\/\" target=\"_blank\">\n\t\t\t\t\t\t<span class=\"elementor-button-content-wrapper\">\n\t\t\t\t\t\t\t\t\t<span class=\"elementor-button-text\">Conocer m\u00e1s<\/span>\n\t\t\t\t\t<\/span>\n\t\t\t\t\t<\/a>\n\t\t\t\t<\/div>\n\t\t\t\t\t\t\t\t<\/div>\n\t\t\t\t<\/div>\n\t\t\t\t<div class=\"elementor-element elementor-element-d81adfe elementor-widget elementor-widget-spacer\" data-id=\"d81adfe\" data-element_type=\"widget\" data-e-type=\"widget\" data-settings=\"{&quot;ekit_we_effect_on&quot;:&quot;none&quot;}\" data-widget_type=\"spacer.default\">\n\t\t\t\t<div class=\"elementor-widget-container\">\n\t\t\t\t\t\t\t<div class=\"elementor-spacer\">\n\t\t\t<div class=\"elementor-spacer-inner\"><\/div>\n\t\t<\/div>\n\t\t\t\t\t\t<\/div>\n\t\t\t\t<\/div>\n\t\t\t\t<\/div>\n\t\t<div class=\"elementor-element elementor-element-f9fd015 e-con-full e-flex e-con e-child\" data-id=\"f9fd015\" data-element_type=\"container\" data-e-type=\"container\" data-settings=\"{&quot;background_background&quot;:&quot;classic&quot;,&quot;ekit_has_onepagescroll_dot&quot;:&quot;yes&quot;}\">\n\t\t\t\t<div class=\"elementor-element elementor-element-f26d28c elementor-widget elementor-widget-spacer\" data-id=\"f26d28c\" data-element_type=\"widget\" data-e-type=\"widget\" data-settings=\"{&quot;ekit_we_effect_on&quot;:&quot;none&quot;}\" data-widget_type=\"spacer.default\">\n\t\t\t\t<div class=\"elementor-widget-container\">\n\t\t\t\t\t\t\t<div class=\"elementor-spacer\">\n\t\t\t<div class=\"elementor-spacer-inner\"><\/div>\n\t\t<\/div>\n\t\t\t\t\t\t<\/div>\n\t\t\t\t<\/div>\n\t\t\t\t<div class=\"elementor-element elementor-element-6969525 elementor-align-center elementor-widget elementor-widget-button\" data-id=\"6969525\" data-element_type=\"widget\" data-e-type=\"widget\" data-settings=\"{&quot;ekit_we_effect_on&quot;:&quot;none&quot;}\" data-widget_type=\"button.default\">\n\t\t\t\t<div class=\"elementor-widget-container\">\n\t\t\t\t\t\t\t\t\t<div class=\"elementor-button-wrapper\">\n\t\t\t\t\t<a class=\"elementor-button elementor-button-link elementor-size-sm elementor-animation-shrink\" href=\"https:\/\/www.fan-bo.org\/index.php\/cambio-climatico\/\" target=\"_blank\">\n\t\t\t\t\t\t<span class=\"elementor-button-content-wrapper\">\n\t\t\t\t\t\t\t\t\t<span class=\"elementor-button-text\">Conocer m\u00e1s<\/span>\n\t\t\t\t\t<\/span>\n\t\t\t\t\t<\/a>\n\t\t\t\t<\/div>\n\t\t\t\t\t\t\t\t<\/div>\n\t\t\t\t<\/div>\n\t\t\t\t<div class=\"elementor-element elementor-element-3934916 elementor-widget elementor-widget-spacer\" data-id=\"3934916\" data-element_type=\"widget\" data-e-type=\"widget\" data-settings=\"{&quot;ekit_we_effect_on&quot;:&quot;none&quot;}\" data-widget_type=\"spacer.default\">\n\t\t\t\t<div class=\"elementor-widget-container\">\n\t\t\t\t\t\t\t<div class=\"elementor-spacer\">\n\t\t\t<div class=\"elementor-spacer-inner\"><\/div>\n\t\t<\/div>\n\t\t\t\t\t\t<\/div>\n\t\t\t\t<\/div>\n\t\t\t\t<\/div>\n\t\t<div class=\"elementor-element elementor-element-f9001e1 e-con-full e-flex e-con e-child\" data-id=\"f9001e1\" data-element_type=\"container\" data-e-type=\"container\" data-settings=\"{&quot;background_background&quot;:&quot;classic&quot;,&quot;ekit_has_onepagescroll_dot&quot;:&quot;yes&quot;}\">\n\t\t\t\t<div class=\"elementor-element elementor-element-169e50f elementor-widget elementor-widget-spacer\" data-id=\"169e50f\" data-element_type=\"widget\" data-e-type=\"widget\" data-settings=\"{&quot;ekit_we_effect_on&quot;:&quot;none&quot;}\" data-widget_type=\"spacer.default\">\n\t\t\t\t<div class=\"elementor-widget-container\">\n\t\t\t\t\t\t\t<div class=\"elementor-spacer\">\n\t\t\t<div class=\"elementor-spacer-inner\"><\/div>\n\t\t<\/div>\n\t\t\t\t\t\t<\/div>\n\t\t\t\t<\/div>\n\t\t\t\t<div class=\"elementor-element elementor-element-8211b84 elementor-align-center elementor-widget elementor-widget-button\" data-id=\"8211b84\" data-element_type=\"widget\" data-e-type=\"widget\" data-settings=\"{&quot;ekit_we_effect_on&quot;:&quot;none&quot;}\" data-widget_type=\"button.default\">\n\t\t\t\t<div class=\"elementor-widget-container\">\n\t\t\t\t\t\t\t\t\t<div class=\"elementor-button-wrapper\">\n\t\t\t\t\t<a class=\"elementor-button elementor-button-link elementor-size-sm elementor-animation-shrink\" href=\"https:\/\/www.fan-bo.org\/index.php\/comunidades-y-ciudades-resilientes\/\" target=\"_blank\">\n\t\t\t\t\t\t<span class=\"elementor-button-content-wrapper\">\n\t\t\t\t\t\t\t\t\t<span class=\"elementor-button-text\">Conocer m\u00e1s<\/span>\n\t\t\t\t\t<\/span>\n\t\t\t\t\t<\/a>\n\t\t\t\t<\/div>\n\t\t\t\t\t\t\t\t<\/div>\n\t\t\t\t<\/div>\n\t\t\t\t<div class=\"elementor-element elementor-element-93f35ce elementor-widget elementor-widget-spacer\" data-id=\"93f35ce\" data-element_type=\"widget\" data-e-type=\"widget\" data-settings=\"{&quot;ekit_we_effect_on&quot;:&quot;none&quot;}\" data-widget_type=\"spacer.default\">\n\t\t\t\t<div class=\"elementor-widget-container\">\n\t\t\t\t\t\t\t<div class=\"elementor-spacer\">\n\t\t\t<div class=\"elementor-spacer-inner\"><\/div>\n\t\t<\/div>\n\t\t\t\t\t\t<\/div>\n\t\t\t\t<\/div>\n\t\t\t\t<\/div>\n\t\t\t\t\t<\/div>\n\t\t\t\t<\/div>\n\t\t\t\t<\/div>\n\t\t","protected":false},"excerpt":{"rendered":"<p>Que hacemos NUESTRAS \u00c1REAS DE IMPACTO Bolivia valora, protege y conserva su patrimonio natural y las funciones ambientales que sustentan los medios de vida y bienestar de su poblaci\u00f3n para el desarrollo sostenible y resiliencia clim\u00e1tica.\u00a0\u00a0 Conocer m\u00e1s Conocer m\u00e1s Conocer m\u00e1s Conocer m\u00e1s<\/p>\n","protected":false},"author":1,"featured_media":4795,"parent":0,"menu_order":0,"comment_status":"closed","ping_status":"closed","template":"","meta":{"footnotes":""},"class_list":["post-238","page","type-page","status-publish","has-post-thumbnail","hentry"],"yoast_head":"<!-- This site is optimized with the Yoast SEO plugin v27.3 - https:\/\/yoast.com\/product\/yoast-seo-wordpress\/ -->\n<title>Qu\u00e9 Hacemos - FAN<\/title>\n<meta name=\"robots\" content=\"index, follow, max-snippet:-1, max-image-preview:large, max-video-preview:-1\" \/>\n<link rel=\"canonical\" href=\"https:\/\/www.fan-bo.org\/index.php\/que-hacemos\/\" \/>\n<meta property=\"og:locale\" content=\"es_ES\" \/>\n<meta property=\"og:type\" content=\"article\" \/>\n<meta property=\"og:title\" content=\"Qu\u00e9 Hacemos - FAN\" \/>\n<meta property=\"og:description\" content=\"Que hacemos NUESTRAS \u00c1REAS DE IMPACTO Bolivia valora, protege y conserva su patrimonio natural y las funciones ambientales que sustentan los medios de vida y bienestar de su poblaci\u00f3n para el desarrollo sostenible y resiliencia clim\u00e1tica.\u00a0\u00a0 Conocer m\u00e1s Conocer m\u00e1s Conocer m\u00e1s Conocer m\u00e1s\" \/>\n<meta property=\"og:url\" content=\"https:\/\/www.fan-bo.org\/index.php\/que-hacemos\/\" \/>\n<meta property=\"og:site_name\" content=\"FAN\" \/>\n<meta property=\"article:modified_time\" content=\"2024-08-28T19:55:11+00:00\" \/>\n<meta property=\"og:image\" content=\"https:\/\/www.fan-bo.org\/wp-content\/uploads\/2024\/06\/Diapositiva1-e1719445583981.png\" \/>\n\t<meta property=\"og:image:width\" content=\"520\" \/>\n\t<meta property=\"og:image:height\" content=\"405\" \/>\n\t<meta property=\"og:image:type\" content=\"image\/png\" \/>\n<meta name=\"twitter:card\" content=\"summary_large_image\" \/>\n<meta name=\"twitter:label1\" content=\"Tiempo de lectura\" \/>\n\t<meta name=\"twitter:data1\" content=\"1 minuto\" \/>\n<script type=\"application\/ld+json\" class=\"yoast-schema-graph\">{\"@context\":\"https:\\\/\\\/schema.org\",\"@graph\":[{\"@type\":\"WebPage\",\"@id\":\"https:\\\/\\\/www.fan-bo.org\\\/index.php\\\/que-hacemos\\\/\",\"url\":\"https:\\\/\\\/www.fan-bo.org\\\/index.php\\\/que-hacemos\\\/\",\"name\":\"Qu\u00e9 Hacemos - FAN\",\"isPartOf\":{\"@id\":\"https:\\\/\\\/www.fan-bo.org\\\/#website\"},\"primaryImageOfPage\":{\"@id\":\"https:\\\/\\\/www.fan-bo.org\\\/index.php\\\/que-hacemos\\\/#primaryimage\"},\"image\":{\"@id\":\"https:\\\/\\\/www.fan-bo.org\\\/index.php\\\/que-hacemos\\\/#primaryimage\"},\"thumbnailUrl\":\"https:\\\/\\\/www.fan-bo.org\\\/wp-content\\\/uploads\\\/2024\\\/06\\\/Diapositiva1-e1719445583981.png\",\"datePublished\":\"2023-10-07T21:11:55+00:00\",\"dateModified\":\"2024-08-28T19:55:11+00:00\",\"breadcrumb\":{\"@id\":\"https:\\\/\\\/www.fan-bo.org\\\/index.php\\\/que-hacemos\\\/#breadcrumb\"},\"inLanguage\":\"es\",\"potentialAction\":[{\"@type\":\"ReadAction\",\"target\":[\"https:\\\/\\\/www.fan-bo.org\\\/index.php\\\/que-hacemos\\\/\"]}]},{\"@type\":\"ImageObject\",\"inLanguage\":\"es\",\"@id\":\"https:\\\/\\\/www.fan-bo.org\\\/index.php\\\/que-hacemos\\\/#primaryimage\",\"url\":\"https:\\\/\\\/www.fan-bo.org\\\/wp-content\\\/uploads\\\/2024\\\/06\\\/Diapositiva1-e1719445583981.png\",\"contentUrl\":\"https:\\\/\\\/www.fan-bo.org\\\/wp-content\\\/uploads\\\/2024\\\/06\\\/Diapositiva1-e1719445583981.png\",\"width\":520,\"height\":405},{\"@type\":\"BreadcrumbList\",\"@id\":\"https:\\\/\\\/www.fan-bo.org\\\/index.php\\\/que-hacemos\\\/#breadcrumb\",\"itemListElement\":[{\"@type\":\"ListItem\",\"position\":1,\"name\":\"Portada\",\"item\":\"https:\\\/\\\/www.fan-bo.org\\\/\"},{\"@type\":\"ListItem\",\"position\":2,\"name\":\"Qu\u00e9 Hacemos\"}]},{\"@type\":\"WebSite\",\"@id\":\"https:\\\/\\\/www.fan-bo.org\\\/#website\",\"url\":\"https:\\\/\\\/www.fan-bo.org\\\/\",\"name\":\"FAN\",\"description\":\"Fundaci\u00f3n Amigos de la Naturaleza\",\"publisher\":{\"@id\":\"https:\\\/\\\/www.fan-bo.org\\\/#organization\"},\"potentialAction\":[{\"@type\":\"SearchAction\",\"target\":{\"@type\":\"EntryPoint\",\"urlTemplate\":\"https:\\\/\\\/www.fan-bo.org\\\/?s={search_term_string}\"},\"query-input\":{\"@type\":\"PropertyValueSpecification\",\"valueRequired\":true,\"valueName\":\"search_term_string\"}}],\"inLanguage\":\"es\"},{\"@type\":\"Organization\",\"@id\":\"https:\\\/\\\/www.fan-bo.org\\\/#organization\",\"name\":\"FAN\",\"url\":\"https:\\\/\\\/www.fan-bo.org\\\/\",\"logo\":{\"@type\":\"ImageObject\",\"inLanguage\":\"es\",\"@id\":\"https:\\\/\\\/www.fan-bo.org\\\/#\\\/schema\\\/logo\\\/image\\\/\",\"url\":\"https:\\\/\\\/www.fan-bo.org\\\/wp-content\\\/uploads\\\/2023\\\/10\\\/LOGO-FAN-COMPLETO-sin-borde-1.svg\",\"contentUrl\":\"https:\\\/\\\/www.fan-bo.org\\\/wp-content\\\/uploads\\\/2023\\\/10\\\/LOGO-FAN-COMPLETO-sin-borde-1.svg\",\"width\":692,\"height\":418,\"caption\":\"FAN\"},\"image\":{\"@id\":\"https:\\\/\\\/www.fan-bo.org\\\/#\\\/schema\\\/logo\\\/image\\\/\"}}]}<\/script>\n<!-- \/ Yoast SEO plugin. -->","yoast_head_json":{"title":"Qu\u00e9 Hacemos - FAN","robots":{"index":"index","follow":"follow","max-snippet":"max-snippet:-1","max-image-preview":"max-image-preview:large","max-video-preview":"max-video-preview:-1"},"canonical":"https:\/\/www.fan-bo.org\/index.php\/que-hacemos\/","og_locale":"es_ES","og_type":"article","og_title":"Qu\u00e9 Hacemos - FAN","og_description":"Que hacemos NUESTRAS \u00c1REAS DE IMPACTO Bolivia valora, protege y conserva su patrimonio natural y las funciones ambientales que sustentan los medios de vida y bienestar de su poblaci\u00f3n para el desarrollo sostenible y resiliencia clim\u00e1tica.\u00a0\u00a0 Conocer m\u00e1s Conocer m\u00e1s Conocer m\u00e1s Conocer m\u00e1s","og_url":"https:\/\/www.fan-bo.org\/index.php\/que-hacemos\/","og_site_name":"FAN","article_modified_time":"2024-08-28T19:55:11+00:00","og_image":[{"width":520,"height":405,"url":"https:\/\/www.fan-bo.org\/wp-content\/uploads\/2024\/06\/Diapositiva1-e1719445583981.png","type":"image\/png"}],"twitter_card":"summary_large_image","twitter_misc":{"Tiempo de lectura":"1 minuto"},"schema":{"@context":"https:\/\/schema.org","@graph":[{"@type":"WebPage","@id":"https:\/\/www.fan-bo.org\/index.php\/que-hacemos\/","url":"https:\/\/www.fan-bo.org\/index.php\/que-hacemos\/","name":"Qu\u00e9 Hacemos - FAN","isPartOf":{"@id":"https:\/\/www.fan-bo.org\/#website"},"primaryImageOfPage":{"@id":"https:\/\/www.fan-bo.org\/index.php\/que-hacemos\/#primaryimage"},"image":{"@id":"https:\/\/www.fan-bo.org\/index.php\/que-hacemos\/#primaryimage"},"thumbnailUrl":"https:\/\/www.fan-bo.org\/wp-content\/uploads\/2024\/06\/Diapositiva1-e1719445583981.png","datePublished":"2023-10-07T21:11:55+00:00","dateModified":"2024-08-28T19:55:11+00:00","breadcrumb":{"@id":"https:\/\/www.fan-bo.org\/index.php\/que-hacemos\/#breadcrumb"},"inLanguage":"es","potentialAction":[{"@type":"ReadAction","target":["https:\/\/www.fan-bo.org\/index.php\/que-hacemos\/"]}]},{"@type":"ImageObject","inLanguage":"es","@id":"https:\/\/www.fan-bo.org\/index.php\/que-hacemos\/#primaryimage","url":"https:\/\/www.fan-bo.org\/wp-content\/uploads\/2024\/06\/Diapositiva1-e1719445583981.png","contentUrl":"https:\/\/www.fan-bo.org\/wp-content\/uploads\/2024\/06\/Diapositiva1-e1719445583981.png","width":520,"height":405},{"@type":"BreadcrumbList","@id":"https:\/\/www.fan-bo.org\/index.php\/que-hacemos\/#breadcrumb","itemListElement":[{"@type":"ListItem","position":1,"name":"Portada","item":"https:\/\/www.fan-bo.org\/"},{"@type":"ListItem","position":2,"name":"Qu\u00e9 Hacemos"}]},{"@type":"WebSite","@id":"https:\/\/www.fan-bo.org\/#website","url":"https:\/\/www.fan-bo.org\/","name":"FAN","description":"Fundaci\u00f3n Amigos de la Naturaleza","publisher":{"@id":"https:\/\/www.fan-bo.org\/#organization"},"potentialAction":[{"@type":"SearchAction","target":{"@type":"EntryPoint","urlTemplate":"https:\/\/www.fan-bo.org\/?s={search_term_string}"},"query-input":{"@type":"PropertyValueSpecification","valueRequired":true,"valueName":"search_term_string"}}],"inLanguage":"es"},{"@type":"Organization","@id":"https:\/\/www.fan-bo.org\/#organization","name":"FAN","url":"https:\/\/www.fan-bo.org\/","logo":{"@type":"ImageObject","inLanguage":"es","@id":"https:\/\/www.fan-bo.org\/#\/schema\/logo\/image\/","url":"https:\/\/www.fan-bo.org\/wp-content\/uploads\/2023\/10\/LOGO-FAN-COMPLETO-sin-borde-1.svg","contentUrl":"https:\/\/www.fan-bo.org\/wp-content\/uploads\/2023\/10\/LOGO-FAN-COMPLETO-sin-borde-1.svg","width":692,"height":418,"caption":"FAN"},"image":{"@id":"https:\/\/www.fan-bo.org\/#\/schema\/logo\/image\/"}}]}},"jetpack_sharing_enabled":true,"_links":{"self":[{"href":"https:\/\/www.fan-bo.org\/index.php\/wp-json\/wp\/v2\/pages\/238","targetHints":{"allow":["GET"]}}],"collection":[{"href":"https:\/\/www.fan-bo.org\/index.php\/wp-json\/wp\/v2\/pages"}],"about":[{"href":"https:\/\/www.fan-bo.org\/index.php\/wp-json\/wp\/v2\/types\/page"}],"author":[{"embeddable":true,"href":"https:\/\/www.fan-bo.org\/index.php\/wp-json\/wp\/v2\/users\/1"}],"replies":[{"embeddable":true,"href":"https:\/\/www.fan-bo.org\/index.php\/wp-json\/wp\/v2\/comments?post=238"}],"version-history":[{"count":186,"href":"https:\/\/www.fan-bo.org\/index.php\/wp-json\/wp\/v2\/pages\/238\/revisions"}],"predecessor-version":[{"id":5795,"href":"https:\/\/www.fan-bo.org\/index.php\/wp-json\/wp\/v2\/pages\/238\/revisions\/5795"}],"wp:featuredmedia":[{"embeddable":true,"href":"https:\/\/www.fan-bo.org\/index.php\/wp-json\/wp\/v2\/media\/4795"}],"wp:attachment":[{"href":"https:\/\/www.fan-bo.org\/index.php\/wp-json\/wp\/v2\/media?parent=238"}],"curies":[{"name":"wp","href":"https:\/\/api.w.org\/{rel}","templated":true}]}}